{"id":934,"date":"2021-07-20T10:44:19","date_gmt":"2021-07-20T10:44:19","guid":{"rendered":"https:\/\/vagnoni.com.ar\/?page_id=934"},"modified":"2021-07-20T10:44:19","modified_gmt":"2021-07-20T10:44:19","slug":"un-trabajo-de-todos-los-dias","status":"publish","type":"page","link":"https:\/\/vagnoni.com.ar\/english\/un-trabajo-de-todos-los-dias\/","title":{"rendered":"Un trabajo de todos los d\u00edas"},"content":{"rendered":"<div class=\"wpb-content-wrapper\"><p>[vc_row type=\u00bbfull-nopad\u00bb css=\u00bb.vc_custom_1626778882516{background-color: #ff6600 !important;}\u00bb][vc_column][vc_empty_space height=\u00bb45px\u00bb][vc_empty_space height=\u00bb45px\u00bb][vc_empty_space height=\u00bb45px\u00bb][\/vc_column][\/vc_row][vc_row][vc_column width=\u00bb1\/4&#8243;][\/vc_column][vc_column width=\u00bb1\/2&#8243;][vc_empty_space height=\u00bb45px\u00bb][vc_empty_space height=\u00bb45px\u00bb][vc_column_text]<\/p>\n<h2 style=\"text-align: center;\"><strong><span style=\"color: #ff6600;\">Un trabajo de todos los d\u00edas<br \/>\n<\/span><\/strong><\/h2>\n<p>[\/vc_column_text][vc_empty_space height=\u00bb45px\u00bb][vc_empty_space height=\u00bb45px\u00bb][vc_column_text]<\/p>\n<p style=\"text-align: justify;\"><span style=\"font-weight: 400;\">Ning\u00fan d\u00eda es igual al otro, hay d\u00edas que pedimos que salga el sol, otros que llueva, hay en algunas ocasiones que tan solo con el esfuerzo cotidiano, los recursos humanos, materiales y econ\u00f3micos no alcanza, una pedrada, lluvias excesivas y sequ\u00edas prolongadas te puede llevar toda la cosecha de un a\u00f1o, nadie nos la cont\u00f3, en estos <\/span><b>m\u00e1s de 30 a\u00f1os<\/b><span style=\"font-weight: 400;\"> hemos pasado por todas.<\/span><\/p>\n<p style=\"text-align: justify;\"><span style=\"font-weight: 400;\">Pero cada d\u00eda, a la ma\u00f1ana, nos despertamos y salimos impulsados cada uno a dar lo mejor, recorremos los cultivos, hablamos con proveedores, con nuestros clientes, cada uno de los que trabajamos en VAGNONI somos una pieza fundamental, para brindarte un producto de m\u00e1xima pureza, <\/span><b>100% natural,<\/b><span style=\"font-weight: 400;\"> conservando sus propiedades, sin conservantes, ni aditivos.<\/span><\/p>\n<p style=\"text-align: justify;\"><span style=\"font-weight: 400;\">Son muchas las hect\u00e1reas que a\u00f1o a a\u00f1o ponemos al servicio de nuestros cultivos, con las rotaciones necesarias, asegur\u00e1ndonos una producci\u00f3n de excelente <\/span><b>calidad,<\/b><span style=\"font-weight: 400;\"> con un riguroso control de campo<\/span><span style=\"font-weight: 400;\">.<\/span><\/p>\n<p style=\"text-align: justify;\"><span style=\"font-weight: 400;\">Y no,<\/span> <span style=\"font-weight: 400;\">no es magia, es <\/span><b>un trabajo de todos los d\u00edas<\/b><span style=\"font-weight: 400;\">.<\/span><\/p>\n<p>[\/vc_column_text][vc_empty_space height=\u00bb45px\u00bb][vc_empty_space height=\u00bb45px\u00bb][\/vc_column][vc_column width=\u00bb1\/4&#8243;][\/vc_column][\/vc_row]<\/p>\n<\/div>","protected":false},"excerpt":{"rendered":"<p>[vc_row type=\u00bbfull-nopad\u00bb css=\u00bb.vc_custom_1626778882516{background-color: #ff6600 !important;}\u00bb][vc_column][vc_empty_space height=\u00bb45px\u00bb][vc_empty_space height=\u00bb45px\u00bb][vc_empty_space height=\u00bb45px\u00bb][\/vc_column][\/vc_row][vc_row][vc_column width=\u00bb1\/4&#8243;][\/vc_column][vc_column width=\u00bb1\/2&#8243;][vc_empty_space height=\u00bb45px\u00bb][vc_empty_space height=\u00bb45px\u00bb][vc_column_text] Un trabajo de todos los d\u00edas [\/vc_column_text][vc_empty_space height=\u00bb45px\u00bb][vc_empty_space height=\u00bb45px\u00bb][vc_column_text] Ning\u00fan d\u00eda es igual al otro, hay d\u00edas que pedimos que salga el sol, otros que llueva, hay en algunas ocasiones que tan solo con el esfuerzo cotidiano, los recursos humanos, materiales y econ\u00f3micos &hellip;<\/p>\n","protected":false},"author":2,"featured_media":0,"parent":0,"menu_order":0,"comment_status":"closed","ping_status":"closed","template":"templates\/page-full.php","meta":{"footnotes":""},"class_list":["post-934","page","type-page","status-publish","hentry"],"_links":{"self":[{"href":"https:\/\/vagnoni.com.ar\/english\/wp-json\/wp\/v2\/pages\/934","targetHints":{"allow":["GET"]}}],"collection":[{"href":"https:\/\/vagnoni.com.ar\/english\/wp-json\/wp\/v2\/pages"}],"about":[{"href":"https:\/\/vagnoni.com.ar\/english\/wp-json\/wp\/v2\/types\/page"}],"author":[{"embeddable":true,"href":"https:\/\/vagnoni.com.ar\/english\/wp-json\/wp\/v2\/users\/2"}],"replies":[{"embeddable":true,"href":"https:\/\/vagnoni.com.ar\/english\/wp-json\/wp\/v2\/comments?post=934"}],"version-history":[{"count":0,"href":"https:\/\/vagnoni.com.ar\/english\/wp-json\/wp\/v2\/pages\/934\/revisions"}],"wp:attachment":[{"href":"https:\/\/vagnoni.com.ar\/english\/wp-json\/wp\/v2\/media?parent=934"}],"curies":[{"name":"wp","href":"https:\/\/api.w.org\/{rel}","templated":true}]}}