{"id":592,"date":"2021-01-19T18:07:28","date_gmt":"2021-01-19T18:07:28","guid":{"rendered":"https:\/\/vagnoni.com.ar\/?page_id=592"},"modified":"2021-01-19T18:07:28","modified_gmt":"2021-01-19T18:07:28","slug":"politica-de-la-calidad-seguridad-y-medio-ambiente","status":"publish","type":"page","link":"https:\/\/vagnoni.com.ar\/portugues\/politica-de-la-calidad-seguridad-y-medio-ambiente\/","title":{"rendered":"Pol\u00edtica de la Calidad, Seguridad y Medio Ambiente"},"content":{"rendered":"<div class=\"wpb-content-wrapper\"><p>[vc_row type=\u00bbfull-nopad\u00bb css=\u00bb.vc_custom_1626778882516{background-color: #ff6600 !important;}\u00bb][vc_column][vc_empty_space height=\u00bb45px\u00bb][vc_empty_space height=\u00bb45px\u00bb][vc_empty_space height=\u00bb45px\u00bb][\/vc_column][\/vc_row][vc_row][vc_column][vc_empty_space height=\u00bb45px\u00bb][vc_empty_space height=\u00bb45px\u00bb][vc_empty_space height=\u00bb45px\u00bb][vc_column_text]<\/p>\n<h3 style=\"text-align: center;\"><strong>POL\u00cdTICA DE LA CALIDAD, <\/strong><strong>SEGURIDAD Y MEDIO AMBIENTE.<\/strong><\/h3>\n<p>[\/vc_column_text][vc_empty_space height=\u00bb45px\u00bb][\/vc_column][\/vc_row][vc_row max_width=\u00bb1500&#8243;][vc_column width=\u00bb1\/4&#8243;][\/vc_column][vc_column width=\u00bb1\/2&#8243;][vc_empty_space height=\u00bb45px\u00bb][vc_column_text]<\/p>\n<p style=\"text-align: justify;\"><strong>En AGROCOMERCIAL VAGNONI S.R.L.<\/strong>, empresa dedicada a la deshidrataci\u00f3n de vegetales, nuestros objetivos principales son, proporcionar:<\/p>\n<p style=\"text-align: justify;\">&nbsp;<\/p>\n<ul style=\"text-align: justify;\">\n<li>A nuestros clientes, tanto internos como externos, la plena satisfacci\u00f3n de sus necesidades, cumpliendo con los compromisos contractuales asumidos, demostrando respeto por la calidad y prestaci\u00f3n de nuestros productos y con los plazos de entrega comprometidos.<\/li>\n<li>Un consistente desempe\u00f1o de la Seguridad y Salud en el Trabajo, que mediante el control de sus riesgos y la capacitaci\u00f3n permanente de las personas prevenga da\u00f1os y deterioros a la salud de todas las personas involucradas en los procesos.<\/li>\n<li>Perpetuidad a la empresa, como fuente de trabajo y desarrollo de todos sus integrantes.<\/li>\n<\/ul>\n<p style=\"text-align: justify;\">&nbsp;<\/p>\n<p style=\"text-align: justify;\">Para el cumplimiento de los mismos nos proponemos desarrollar todas las actividades dentro de un marco ordenado que devenga de la implementaci\u00f3n de la norma vigente:<\/p>\n<p style=\"text-align: justify;\">&nbsp;<\/p>\n<p style=\"text-align: justify;\"><strong><em>Gesti\u00f3n de la Calidad seg\u00fan ISO 9001<\/em><\/strong><\/p>\n<p style=\"text-align: justify;\"><strong><em>&nbsp;<\/em><\/strong><\/p>\n<p style=\"text-align: justify;\"><strong>Para lograr nuestros objetivos, nos comprometemos a:<\/strong><\/p>\n<ol style=\"text-align: justify;\">\n<li>Mantener un Sistema de Gesti\u00f3n de Calidad (SGC), cumpliendo con los requisitos vigentes.<\/li>\n<li>Mejorar continuamente la eficacia del SGC, con el prop\u00f3sito de satisfacer a nuestros clientes y proteger a nuestra gente de los riesgos derivados de nuestras actividades y productos.<\/li>\n<li>Establecer y revisar los medios \u00f3ptimos para la capacitaci\u00f3n, comunicaci\u00f3n y concientizaci\u00f3n de las personas a efectos de fomentar la mejora continua en nuestras actividades y mantener latente el prop\u00f3sito de nuestros objetivos.<\/li>\n<li>Proveer los recursos necesarios para el logro de los objetivos.<\/li>\n<li>Evaluar constantemente a nuestros proveedores y la calidad de su materia prima para mantener el cumplimiento de calidad de nuestros productos y los plazos de entrega con nuestros clientes.<\/li>\n<li>Cumplir con toda la legislaci\u00f3n vigente inherente, otras normas aplicables y con los requisitos acordados mutuamente con los clientes, contando con el asesoramiento permanente de especialistas y atendiendo sus indicaciones.<\/li>\n<li>A poner \u00e9nfasis en la identificaci\u00f3n de los peligros y minimizar los riesgos de aparici\u00f3n de los mismos, a efectos de prevenir los da\u00f1os y deterioros de la salud.<\/li>\n<\/ol>\n<p style=\"text-align: justify;\"><strong>&nbsp;<\/strong><\/p>\n<p style=\"text-align: justify;\"><strong>&nbsp;<\/strong><\/p>\n<p style=\"text-align: justify;\"><strong>&nbsp;<\/strong><\/p>\n<p style=\"text-align: justify;\"><strong>Estelvio Vagnoni<\/strong><\/p>\n<p style=\"text-align: justify;\"><strong>Marzo 2020<\/strong><\/p>\n<p>[\/vc_column_text][vc_empty_space height=\u00bb45px\u00bb][\/vc_column][vc_column width=\u00bb1\/4&#8243;][\/vc_column][\/vc_row]<\/p>\n<\/div>","protected":false},"excerpt":{"rendered":"<p>[vc_row type=\u00bbfull-nopad\u00bb css=\u00bb.vc_custom_1626778882516{background-color: #ff6600 !important;}\u00bb][vc_column][vc_empty_space height=\u00bb45px\u00bb][vc_empty_space height=\u00bb45px\u00bb][vc_empty_space height=\u00bb45px\u00bb][\/vc_column][\/vc_row][vc_row][vc_column][vc_empty_space height=\u00bb45px\u00bb][vc_empty_space height=\u00bb45px\u00bb][vc_empty_space height=\u00bb45px\u00bb][vc_column_text] POL\u00cdTICA DE LA CALIDAD, SEGURIDAD Y MEDIO AMBIENTE. [\/vc_column_text][vc_empty_space height=\u00bb45px\u00bb][\/vc_column][\/vc_row][vc_row max_width=\u00bb1500&#8243;][vc_column width=\u00bb1\/4&#8243;][\/vc_column][vc_column width=\u00bb1\/2&#8243;][vc_empty_space height=\u00bb45px\u00bb][vc_column_text] En AGROCOMERCIAL VAGNONI S.R.L., empresa dedicada a la deshidrataci\u00f3n de vegetales, nuestros objetivos principales son, proporcionar: &nbsp; A nuestros clientes, tanto internos como externos, la plena satisfacci\u00f3n de sus necesidades, &hellip;<\/p>\n","protected":false},"author":2,"featured_media":0,"parent":0,"menu_order":0,"comment_status":"closed","ping_status":"closed","template":"templates\/page-full.php","meta":{"footnotes":""},"class_list":["post-592","page","type-page","status-publish","hentry"],"_links":{"self":[{"href":"https:\/\/vagnoni.com.ar\/portugues\/wp-json\/wp\/v2\/pages\/592","targetHints":{"allow":["GET"]}}],"collection":[{"href":"https:\/\/vagnoni.com.ar\/portugues\/wp-json\/wp\/v2\/pages"}],"about":[{"href":"https:\/\/vagnoni.com.ar\/portugues\/wp-json\/wp\/v2\/types\/page"}],"author":[{"embeddable":true,"href":"https:\/\/vagnoni.com.ar\/portugues\/wp-json\/wp\/v2\/users\/2"}],"replies":[{"embeddable":true,"href":"https:\/\/vagnoni.com.ar\/portugues\/wp-json\/wp\/v2\/comments?post=592"}],"version-history":[{"count":0,"href":"https:\/\/vagnoni.com.ar\/portugues\/wp-json\/wp\/v2\/pages\/592\/revisions"}],"wp:attachment":[{"href":"https:\/\/vagnoni.com.ar\/portugues\/wp-json\/wp\/v2\/media?parent=592"}],"curies":[{"name":"wp","href":"https:\/\/api.w.org\/{rel}","templated":true}]}}