{"id":678,"date":"2021-06-13T23:26:05","date_gmt":"2021-06-13T23:26:05","guid":{"rendered":"https:\/\/vagnoni.com.ar\/?page_id=678"},"modified":"2022-08-30T11:36:32","modified_gmt":"2022-08-30T11:36:32","slug":"espinaca-en-escama-hojas-espinaca-en-polvo","status":"publish","type":"page","link":"https:\/\/vagnoni.com.ar\/portugues\/espinaca-en-escama-hojas-espinaca-en-polvo\/","title":{"rendered":"Espinafre Floco (folhas) \/ Espinafre em p\u00f3"},"content":{"rendered":"<div class=\"wpb-content-wrapper\"><p>[vc_row type=\u00bbfull-nopad\u00bb][vc_column][vc_column_text]<img loading=\"lazy\" decoding=\"async\" class=\"alignnone size-full wp-image-681\" src=\"https:\/\/vagnoni.com.ar\/portugues\/wp-content\/uploads\/2021\/06\/vagnoni-productor-de-espinaca-deshidratada-en-polvo-o-escama-hojas.jpg\" alt=\"\" width=\"1920\" height=\"467\" srcset=\"https:\/\/vagnoni.com.ar\/portugues\/wp-content\/uploads\/2021\/06\/vagnoni-productor-de-espinaca-deshidratada-en-polvo-o-escama-hojas.jpg 1920w, https:\/\/vagnoni.com.ar\/portugues\/wp-content\/uploads\/2021\/06\/vagnoni-productor-de-espinaca-deshidratada-en-polvo-o-escama-hojas-300x73.jpg 300w, https:\/\/vagnoni.com.ar\/portugues\/wp-content\/uploads\/2021\/06\/vagnoni-productor-de-espinaca-deshidratada-en-polvo-o-escama-hojas-1024x249.jpg 1024w, https:\/\/vagnoni.com.ar\/portugues\/wp-content\/uploads\/2021\/06\/vagnoni-productor-de-espinaca-deshidratada-en-polvo-o-escama-hojas-768x187.jpg 768w, https:\/\/vagnoni.com.ar\/portugues\/wp-content\/uploads\/2021\/06\/vagnoni-productor-de-espinaca-deshidratada-en-polvo-o-escama-hojas-1536x374.jpg 1536w\" sizes=\"auto, (max-width: 1920px) 100vw, 1920px\" \/>[\/vc_column_text][\/vc_column][\/vc_row][vc_row][vc_column width=\u00bb1\/4&#8243;][\/vc_column][vc_column width=\u00bb3\/4&#8243;][vc_empty_space height=\u00bb25px\u00bb][vc_empty_space height=\u00bb45px\u00bb][vc_column_text]<\/p>\n<h2 style=\"text-align: left;\"><strong><span style=\"color: #ff6600;\">Cultivamos e produzimos Espinafre<\/span><\/strong><\/h2>\n<p>[\/vc_column_text][vc_empty_space height=\u00bb45px\u00bb][vc_separator accent_color=\u00bb#fcaa1e\u00bb][vc_empty_space height=\u00bb45px\u00bb][vc_column_text]<\/p>\n<h2 style=\"text-align: left;\"><strong>Espinafre em flocos<\/strong><br \/>\n<strong>Espinafre em p\u00f3<\/strong><\/h2>\n<p>[\/vc_column_text][vc_empty_space height=\u00bb45px\u00bb][vc_empty_space height=\u00bb45px\u00bb][\/vc_column][\/vc_row][vc_row][vc_column width=\u00bb1\/2&#8243;]<div class=\"nm-banner-slider plugin-slick pagination-color-gray slick-slider slick-dots-inside has-pagination pagination-mobile-inside pagination-center\" data-adaptive-height=\"true\" data-arrows=\"true\" data-dots=\"true\" data-speed=\"1000\" data-autoplay=\"true\" data-autoplay-speed=\"2500\" data-infinite=\"true\">\r\n\t\t\t<div class=\"nm-banner content-full image-type-fluid text-color-dark subtitle-below\" style=\"\"><img loading=\"lazy\" decoding=\"async\" src=\"https:\/\/vagnoni.com.ar\/portugues\/wp-content\/uploads\/2021\/06\/espinaca_vagnoni_escama.jpg\" width=\"800\" height=\"542\" alt=\"espinaca_vagnoni_escama\" \/>\r\n\t\t\t<\/div>\r\n\t\t\t<div class=\"nm-banner content-full image-type-fluid text-color-dark subtitle-below\" style=\"\"><img loading=\"lazy\" decoding=\"async\" src=\"https:\/\/vagnoni.com.ar\/portugues\/wp-content\/uploads\/2021\/06\/espinaca_vagnoni_1.jpg\" width=\"800\" height=\"542\" alt=\"espinaca_vagnoni_1\" \/>\r\n\t\t\t<\/div>\r\n\t\t\t<div class=\"nm-banner content-full image-type-fluid text-color-dark subtitle-below\" style=\"\"><img loading=\"lazy\" decoding=\"async\" src=\"https:\/\/vagnoni.com.ar\/portugues\/wp-content\/uploads\/2021\/06\/espinaca_vagnoni_bolsa.jpg\" width=\"800\" height=\"542\" alt=\"espinaca_vagnoni_bolsa\" \/>\r\n\t\t\t<\/div><\/div>[\/vc_column][vc_column width=\u00bb1\/2&#8243;][vc_empty_space height=\u00bb45px\u00bb][vc_column_text]<\/p>\n<h2><strong>Queremos que voc\u00ea saiba:<\/strong><\/h2>\n<p>[\/vc_column_text][vc_empty_space height=\u00bb45px\u00bb][vc_column_text]Economize tempo, pois voc\u00ea pode colet\u00e1-lo.<br \/>\n\u00c9 mais barato que congelado.<br \/>\nDura mais de um ano.<br \/>\nQualidade instant\u00e2nea.<br \/>\nN\u00e3o tem caule ou erva daninha. (economizar tempo).<br \/>\nCom 2% d\u00e1 a cor.[\/vc_column_text][vc_empty_space height=\u00bb45px\u00bb][vc_column_text]<\/p>\n<h3><strong><span style=\"color: #339966;\">Voc\u00ea est\u00e1 interessado neste produto?<br \/>\nContate-Nos!<\/span><\/strong><\/h3>\n<p>Por <strong>WhatsApp<\/strong> ou preencha o formul\u00e1rio de contato abaixo.[\/vc_column_text][\/vc_column][\/vc_row][vc_row type=\u00bbfull-nopad\u00bb][vc_column][vc_column_text]<img loading=\"lazy\" decoding=\"async\" class=\"size-full wp-image-719 alignright\" src=\"https:\/\/vagnoni.com.ar\/portugues\/wp-content\/uploads\/2021\/06\/producto-espinaca-deshidratado-vagnoni.jpg\" alt=\"\" width=\"1093\" height=\"395\" srcset=\"https:\/\/vagnoni.com.ar\/portugues\/wp-content\/uploads\/2021\/06\/producto-espinaca-deshidratado-vagnoni.jpg 1093w, https:\/\/vagnoni.com.ar\/portugues\/wp-content\/uploads\/2021\/06\/producto-espinaca-deshidratado-vagnoni-300x108.jpg 300w, https:\/\/vagnoni.com.ar\/portugues\/wp-content\/uploads\/2021\/06\/producto-espinaca-deshidratado-vagnoni-1024x370.jpg 1024w, https:\/\/vagnoni.com.ar\/portugues\/wp-content\/uploads\/2021\/06\/producto-espinaca-deshidratado-vagnoni-768x278.jpg 768w\" sizes=\"auto, (max-width: 1093px) 100vw, 1093px\" \/>[\/vc_column_text][\/vc_column][\/vc_row][vc_row type=\u00bbfull-nopad\u00bb css=\u00bb.vc_custom_1623627627543{background-color: #f2f2f2 !important;}\u00bb][vc_column width=\u00bb1\/4&#8243;][\/vc_column][vc_column width=\u00bb1\/2&#8243; css=\u00bb.vc_custom_1623621886859{margin-right: 12px !important;margin-left: 12px !important;border-right-width: 12px !important;border-left-width: 12px !important;padding-right: 15px !important;padding-left: 15px !important;}\u00bb][vc_empty_space height=\u00bb45px\u00bb][vc_column_text]<\/p>\n<p style=\"text-align: left;\"><strong>Preencha o seguinte formul\u00e1rio de contato.<\/strong><\/p>\n<p>[\/vc_column_text][vc_empty_space height=\u00bb45px\u00bb][vc_column_text]\n<div class=\"wpcf7 no-js\" id=\"wpcf7-f49-o1\" lang=\"es-ES\" dir=\"ltr\" data-wpcf7-id=\"49\">\n<div class=\"screen-reader-response\"><p role=\"status\" aria-live=\"polite\" aria-atomic=\"true\"><\/p> <ul><\/ul><\/div>\n<form action=\"\/portugues\/wp-json\/wp\/v2\/pages\/678#wpcf7-f49-o1\" method=\"post\" class=\"wpcf7-form init\" aria-label=\"Formulario de contacto\" novalidate=\"novalidate\" data-status=\"init\">\n<fieldset class=\"hidden-fields-container\"><input type=\"hidden\" name=\"_wpcf7\" value=\"49\" \/><input type=\"hidden\" name=\"_wpcf7_version\" value=\"6.1.6\" \/><input type=\"hidden\" name=\"_wpcf7_locale\" value=\"es_ES\" \/><input type=\"hidden\" name=\"_wpcf7_unit_tag\" value=\"wpcf7-f49-o1\" \/><input type=\"hidden\" name=\"_wpcf7_container_post\" value=\"0\" \/><input type=\"hidden\" name=\"_wpcf7_posted_data_hash\" value=\"\" \/>\n<\/fieldset>\n<p>Seu nome (requerido)\n<\/p>\n<p><span class=\"wpcf7-form-control-wrap\" data-name=\"your-name\"><input size=\"40\" maxlength=\"400\" class=\"wpcf7-form-control wpcf7-text wpcf7-validates-as-required\" aria-required=\"true\" aria-invalid=\"false\" value=\"\" type=\"text\" name=\"your-name\" \/><\/span>\n<\/p>\n<p>Seu e-mail (requerido)\n<\/p>\n<p><span class=\"wpcf7-form-control-wrap\" data-name=\"your-email\"><input size=\"40\" maxlength=\"400\" class=\"wpcf7-form-control wpcf7-email wpcf7-validates-as-required wpcf7-text wpcf7-validates-as-email\" aria-required=\"true\" aria-invalid=\"false\" value=\"\" type=\"email\" name=\"your-email\" \/><\/span>\n<\/p>\n<p>Seu telefone (requerido)\n<\/p>\n<p><span class=\"wpcf7-form-control-wrap\" data-name=\"tel-145\"><input size=\"40\" maxlength=\"400\" class=\"wpcf7-form-control wpcf7-tel wpcf7-validates-as-required wpcf7-text wpcf7-validates-as-tel\" aria-required=\"true\" aria-invalid=\"false\" value=\"\" type=\"tel\" name=\"tel-145\" \/><\/span>\n<\/p>\n<p>Assunto\n<\/p>\n<p><span class=\"wpcf7-form-control-wrap\" data-name=\"your-subject\"><input size=\"40\" maxlength=\"400\" class=\"wpcf7-form-control wpcf7-text\" aria-invalid=\"false\" value=\"\" type=\"text\" name=\"your-subject\" \/><\/span>\n<\/p>\n<p>Sua mensagem\n<\/p>\n<p><span class=\"wpcf7-form-control-wrap\" data-name=\"your-message\"><textarea cols=\"40\" rows=\"10\" maxlength=\"2000\" class=\"wpcf7-form-control wpcf7-textarea\" aria-invalid=\"false\" name=\"your-message\"><\/textarea><\/span>\n<\/p>\n<p><input class=\"wpcf7-form-control wpcf7-submit has-spinner\" type=\"submit\" value=\"Enviar\" \/>\n<\/p><div class=\"wpcf7-response-output\" aria-hidden=\"true\"><\/div>\n<\/form>\n<\/div>\n[\/vc_column_text][vc_empty_space height=\u00bb45px\u00bb][vc_empty_space height=\u00bb45px\u00bb][vc_empty_space height=\u00bb45px\u00bb][\/vc_column][vc_column width=\u00bb1\/4&#8243;][\/vc_column][\/vc_row][vc_row type=\u00bbfull-nopad\u00bb css=\u00bb.vc_custom_1623627634260{background-color: #f18800 !important;}\u00bb][vc_column][vc_empty_space height=\u00bb45px\u00bb][vc_empty_space height=\u00bb45px\u00bb][vc_column_text]<\/p>\n<p style=\"text-align: center;\"><strong>Agrocomercial Vagnoni.<\/strong><br \/>\n<span style=\"color: #ffffff;\">Libertad 52 BIS , (2128) Arroyo Seco, Santa Fe<\/span><br \/>\n<span style=\"color: #ffffff;\">oficina@vagnoni.com.ar<\/span><\/p>\n<p>[\/vc_column_text][vc_empty_space height=\u00bb45px\u00bb][vc_empty_space height=\u00bb45px\u00bb][\/vc_column][\/vc_row]<\/p>\n<\/div>","protected":false},"excerpt":{"rendered":"<p>[vc_row type=\u00bbfull-nopad\u00bb][vc_column][vc_column_text][\/vc_column_text][\/vc_column][\/vc_row][vc_row][vc_column width=\u00bb1\/4&#8243;][\/vc_column][vc_column width=\u00bb3\/4&#8243;][vc_empty_space height=\u00bb25px\u00bb][vc_empty_space height=\u00bb45px\u00bb][vc_column_text] Cultivamos e produzimos Espinafre [\/vc_column_text][vc_empty_space height=\u00bb45px\u00bb][vc_separator accent_color=\u00bb#fcaa1e\u00bb][vc_empty_space height=\u00bb45px\u00bb][vc_column_text] Espinafre em flocos Espinafre em p\u00f3 [\/vc_column_text][vc_empty_space height=\u00bb45px\u00bb][vc_empty_space height=\u00bb45px\u00bb][\/vc_column][\/vc_row][vc_row][vc_column width=\u00bb1\/2&#8243;][\/vc_column][vc_column width=\u00bb1\/2&#8243;][vc_empty_space height=\u00bb45px\u00bb][vc_column_text] Queremos que voc\u00ea saiba: [\/vc_column_text][vc_empty_space height=\u00bb45px\u00bb][vc_column_text]Economize tempo, pois voc\u00ea pode colet\u00e1-lo. \u00c9 mais barato que congelado. Dura mais de um ano. Qualidade instant\u00e2nea. N\u00e3o tem caule ou erva daninha. &hellip;<\/p>\n","protected":false},"author":2,"featured_media":0,"parent":0,"menu_order":0,"comment_status":"closed","ping_status":"closed","template":"templates\/page-full.php","meta":{"footnotes":""},"class_list":["post-678","page","type-page","status-publish","hentry"],"_links":{"self":[{"href":"https:\/\/vagnoni.com.ar\/portugues\/wp-json\/wp\/v2\/pages\/678","targetHints":{"allow":["GET"]}}],"collection":[{"href":"https:\/\/vagnoni.com.ar\/portugues\/wp-json\/wp\/v2\/pages"}],"about":[{"href":"https:\/\/vagnoni.com.ar\/portugues\/wp-json\/wp\/v2\/types\/page"}],"author":[{"embeddable":true,"href":"https:\/\/vagnoni.com.ar\/portugues\/wp-json\/wp\/v2\/users\/2"}],"replies":[{"embeddable":true,"href":"https:\/\/vagnoni.com.ar\/portugues\/wp-json\/wp\/v2\/comments?post=678"}],"version-history":[{"count":3,"href":"https:\/\/vagnoni.com.ar\/portugues\/wp-json\/wp\/v2\/pages\/678\/revisions"}],"predecessor-version":[{"id":1010,"href":"https:\/\/vagnoni.com.ar\/portugues\/wp-json\/wp\/v2\/pages\/678\/revisions\/1010"}],"wp:attachment":[{"href":"https:\/\/vagnoni.com.ar\/portugues\/wp-json\/wp\/v2\/media?parent=678"}],"curies":[{"name":"wp","href":"https:\/\/api.w.org\/{rel}","templated":true}]}}